{"id":39,"date":"2023-07-13T09:05:00","date_gmt":"2023-07-13T09:05:00","guid":{"rendered":"http:\/\/iyisinial.com\/?page_id=39"},"modified":"2023-07-13T15:08:56","modified_gmt":"2023-07-13T15:08:56","slug":"urunlerimiz","status":"publish","type":"page","link":"http:\/\/iyisinial.com\/?page_id=39","title":{"rendered":"\u00dcr\u00fcnlerimiz"},"content":{"rendered":"\n<p><strong>E-ticari sitelerinden ula\u015fabilirsiniz<\/strong><\/p>\n\n\n\n<p><strong>N11 ma\u011fazam\u0131z i\u00e7in <\/strong><\/p>\n\n\n\n<figure class=\"wp-block-image size-large\"><img fetchpriority=\"high\" decoding=\"async\" width=\"1024\" height=\"215\" src=\"http:\/\/iyisinial.com\/wp-content\/uploads\/2023\/07\/n11_enet1-1024x215.jpg\" alt=\"\" class=\"wp-image-66\" srcset=\"http:\/\/iyisinial.com\/wp-content\/uploads\/2023\/07\/n11_enet1-1024x215.jpg 1024w, http:\/\/iyisinial.com\/wp-content\/uploads\/2023\/07\/n11_enet1-300x63.jpg 300w, http:\/\/iyisinial.com\/wp-content\/uploads\/2023\/07\/n11_enet1-768x162.jpg 768w, http:\/\/iyisinial.com\/wp-content\/uploads\/2023\/07\/n11_enet1.jpg 1188w\" sizes=\"(max-width: 1024px) 100vw, 1024px\" \/><\/figure>\n\n\n\n<p><strong>Trendyol ma\u011fazam\u0131z i\u00e7in<\/strong><\/p>\n\n\n\n<figure class=\"wp-block-image size-full\"><img decoding=\"async\" width=\"678\" height=\"427\" src=\"http:\/\/iyisinial.com\/wp-content\/uploads\/2023\/07\/trendyol.jpg\" alt=\"\" class=\"wp-image-68\" srcset=\"http:\/\/iyisinial.com\/wp-content\/uploads\/2023\/07\/trendyol.jpg 678w, http:\/\/iyisinial.com\/wp-content\/uploads\/2023\/07\/trendyol-300x189.jpg 300w\" sizes=\"(max-width: 678px) 100vw, 678px\" \/><\/figure>\n\n\n\n<p><\/p>\n","protected":false},"excerpt":{"rendered":"<p>E-ticari sitelerinden ula\u015fabilirsiniz N11 ma\u011fazam\u0131z i\u00e7in Trendyol ma\u011fazam\u0131z i\u00e7in<\/p>\n","protected":false},"author":1,"featured_media":0,"parent":0,"menu_order":0,"comment_status":"closed","ping_status":"closed","template":"","meta":{"colormag_page_container_layout":"default_layout","colormag_page_sidebar_layout":"default_layout","footnotes":""},"class_list":["post-39","page","type-page","status-publish","hentry"],"magazineBlocksPostFeaturedMedia":{"thumbnail":false,"medium":false,"medium_large":false,"large":false,"1536x1536":false,"2048x2048":false,"colormag-highlighted-post":false,"colormag-featured-post-medium":false,"colormag-featured-post-small":false,"colormag-featured-image":false,"colormag-default-news":false,"colormag-featured-image-large":false,"colormag-elementor-block-extra-large-thumbnail":false,"colormag-elementor-grid-large-thumbnail":false,"colormag-elementor-grid-small-thumbnail":false,"colormag-elementor-grid-medium-large-thumbnail":false},"magazineBlocksPostAuthor":{"name":"admin","avatar":"https:\/\/secure.gravatar.com\/avatar\/1ca883cac929a9b1d80265cec083024f042be6d48ad3f75b930f72544a5ff9cf?s=96&d=mm&r=g"},"magazineBlocksPostCommentsNumber":false,"magazineBlocksPostExcerpt":"E-ticari sitelerinden ula\u015fabilirsiniz N11 ma\u011fazam\u0131z i\u00e7in Trendyol ma\u011fazam\u0131z i\u00e7in","magazineBlocksPostCategories":[],"magazineBlocksPostViewCount":0,"magazineBlocksPostReadTime":1,"_links":{"self":[{"href":"http:\/\/iyisinial.com\/index.php?rest_route=\/wp\/v2\/pages\/39","targetHints":{"allow":["GET"]}}],"collection":[{"href":"http:\/\/iyisinial.com\/index.php?rest_route=\/wp\/v2\/pages"}],"about":[{"href":"http:\/\/iyisinial.com\/index.php?rest_route=\/wp\/v2\/types\/page"}],"author":[{"embeddable":true,"href":"http:\/\/iyisinial.com\/index.php?rest_route=\/wp\/v2\/users\/1"}],"replies":[{"embeddable":true,"href":"http:\/\/iyisinial.com\/index.php?rest_route=%2Fwp%2Fv2%2Fcomments&post=39"}],"version-history":[{"count":2,"href":"http:\/\/iyisinial.com\/index.php?rest_route=\/wp\/v2\/pages\/39\/revisions"}],"predecessor-version":[{"id":69,"href":"http:\/\/iyisinial.com\/index.php?rest_route=\/wp\/v2\/pages\/39\/revisions\/69"}],"wp:attachment":[{"href":"http:\/\/iyisinial.com\/index.php?rest_route=%2Fwp%2Fv2%2Fmedia&parent=39"}],"curies":[{"name":"wp","href":"https:\/\/api.w.org\/{rel}","templated":true}]}}