{"id":26,"date":"2023-07-13T08:27:56","date_gmt":"2023-07-13T08:27:56","guid":{"rendered":"http:\/\/iyisinial.com\/?page_id=26"},"modified":"2023-07-31T12:26:11","modified_gmt":"2023-07-31T12:26:11","slug":"uzaktan-online-bilgisayar-teknik-servis-hizmeti","status":"publish","type":"page","link":"http:\/\/iyisinial.com\/?page_id=26","title":{"rendered":"\u00c7\u00f6z\u00fcmlerimiz"},"content":{"rendered":"\n<p>Uzaktan online bilgisayar teknik servis hizmeti<\/p>\n\n\n\n<p>Mevcut ekonomik ko\u015fullar nedeniyle<strong> Uzaktan bak\u0131m servisimiz \u00fccretlidir.<\/strong><\/p>\n\n\n\n<p><strong>Hangi sekt\u00f6rde olursan\u0131z olun, ihtiyac\u0131n\u0131z\u0131 kar\u015f\u0131l\u0131yoruz<\/strong><a href=\"https:\/\/leadbilisim.com\/cozumlerimiz\/finans-yonetimi\" target=\"_blank\" rel=\"noopener\"><\/a><\/p>\n\n\n\n<p>\u0130\u015f yerinde evde k\u0131sacas\u0131 bulundu\u011funuz lokasyonda bilgisayar&#8217;da yaz\u0131l\u0131mdan kaynakl\u0131 tamirinin m\u00fcmk\u00fcn olmad\u0131\u011f\u0131  en yak\u0131n&nbsp;<strong>bilgisayar teknik servis&nbsp;<\/strong>firmas\u0131na gidemiyorsan\u0131z <strong>biz yan\u0131n\u0131zday\u0131z<\/strong> . <\/p>\n\n\n\n<p>Bilgisayar sorunlar\u0131n\u0131n \u00e7o\u011funlu\u011fu uzaktan yard\u0131m mant\u0131\u011f\u0131 ile \u00e7\u00f6z\u00fcmlenmektedir. Sizin bulundu\u011funuz lokasyondan internet arac\u0131l\u0131\u011f\u0131yla uzaktan bilgisayar\u0131n\u0131z\u0131 kontrol edebilir ve sizi bir\u00e7ok dertten kurtarabiliriz. Ya\u015fad\u0131\u011f\u0131n\u0131z sorunu \u00f6nce bizimle ileti\u015fim kurarak bildiriniz (0216 313 82 14) daha sonra uzaktan ba\u011flant\u0131<\/p>\n\n\n\n<p>program\u0131 yard\u0131m\u0131yla \u00e7\u00f6zelim.<\/p>\n\n\n\n<p>Anydesk uzaktan ba\u011flant\u0131 program linki<\/p>\n\n\n\n<p><a href=\"https:\/\/anydesk.com\/tr\/downloads\/windows?dv=win_exe\" target=\"_blank\" rel=\"noopener\">https:\/\/anydesk.com\/tr\/downloads\/windows?dv=win_exe<\/a><\/p>\n","protected":false},"excerpt":{"rendered":"<p>Uzaktan online bilgisayar teknik servis hizmeti Mevcut ekonomik ko\u015fullar nedeniyle Uzaktan bak\u0131m servisimiz \u00fccretlidir. Hangi sekt\u00f6rde olursan\u0131z olun, ihtiyac\u0131n\u0131z\u0131 kar\u015f\u0131l\u0131yoruz<\/p>\n","protected":false},"author":1,"featured_media":0,"parent":0,"menu_order":0,"comment_status":"closed","ping_status":"closed","template":"","meta":{"colormag_page_container_layout":"default_layout","colormag_page_sidebar_layout":"default_layout","footnotes":""},"class_list":["post-26","page","type-page","status-publish","hentry"],"magazineBlocksPostFeaturedMedia":{"thumbnail":false,"medium":false,"medium_large":false,"large":false,"1536x1536":false,"2048x2048":false,"colormag-highlighted-post":false,"colormag-featured-post-medium":false,"colormag-featured-post-small":false,"colormag-featured-image":false,"colormag-default-news":false,"colormag-featured-image-large":false,"colormag-elementor-block-extra-large-thumbnail":false,"colormag-elementor-grid-large-thumbnail":false,"colormag-elementor-grid-small-thumbnail":false,"colormag-elementor-grid-medium-large-thumbnail":false},"magazineBlocksPostAuthor":{"name":"admin","avatar":"https:\/\/secure.gravatar.com\/avatar\/1ca883cac929a9b1d80265cec083024f042be6d48ad3f75b930f72544a5ff9cf?s=96&d=mm&r=g"},"magazineBlocksPostCommentsNumber":false,"magazineBlocksPostExcerpt":"Uzaktan online bilgisayar teknik servis hizmeti Mevcut ekonomik ko\u015fullar nedeniyle Uzaktan bak\u0131m servisimiz \u00fccretlidir. Hangi sekt\u00f6rde olursan\u0131z olun, ihtiyac\u0131n\u0131z\u0131 kar\u015f\u0131l\u0131yoruz","magazineBlocksPostCategories":[],"magazineBlocksPostViewCount":0,"magazineBlocksPostReadTime":1,"_links":{"self":[{"href":"http:\/\/iyisinial.com\/index.php?rest_route=\/wp\/v2\/pages\/26","targetHints":{"allow":["GET"]}}],"collection":[{"href":"http:\/\/iyisinial.com\/index.php?rest_route=\/wp\/v2\/pages"}],"about":[{"href":"http:\/\/iyisinial.com\/index.php?rest_route=\/wp\/v2\/types\/page"}],"author":[{"embeddable":true,"href":"http:\/\/iyisinial.com\/index.php?rest_route=\/wp\/v2\/users\/1"}],"replies":[{"embeddable":true,"href":"http:\/\/iyisinial.com\/index.php?rest_route=%2Fwp%2Fv2%2Fcomments&post=26"}],"version-history":[{"count":4,"href":"http:\/\/iyisinial.com\/index.php?rest_route=\/wp\/v2\/pages\/26\/revisions"}],"predecessor-version":[{"id":102,"href":"http:\/\/iyisinial.com\/index.php?rest_route=\/wp\/v2\/pages\/26\/revisions\/102"}],"wp:attachment":[{"href":"http:\/\/iyisinial.com\/index.php?rest_route=%2Fwp%2Fv2%2Fmedia&parent=26"}],"curies":[{"name":"wp","href":"https:\/\/api.w.org\/{rel}","templated":true}]}}